{"id":151,"date":"2024-08-24T12:35:43","date_gmt":"2024-08-24T12:35:43","guid":{"rendered":"https:\/\/massage-agadir.com\/?page_id=151"},"modified":"2024-09-07T12:46:57","modified_gmt":"2024-09-07T12:46:57","slug":"relaxing-berber-massage","status":"publish","type":"page","link":"https:\/\/massage-agadir.com\/en\/massage-relaxant-berbere\/","title":{"rendered":"Relaxing Berber massage"},"content":{"rendered":"\t\t<div data-elementor-type=\"wp-page\" data-elementor-id=\"151\" class=\"elementor elementor-151\" data-elementor-post-type=\"page\">\n\t\t\t\t\t\t<section class=\"elementor-section elementor-top-section elementor-element elementor-element-17fe3069 elementor-section-height-min-height elementor-section-boxed elementor-section-height-default elementor-section-items-middle\" data-id=\"17fe3069\" data-element_type=\"section\" data-e-type=\"section\" data-settings=\"{&quot;background_background&quot;:&quot;classic&quot;,&quot;background_motion_fx_motion_fx_scrolling&quot;:&quot;yes&quot;,&quot;background_motion_fx_scale_effect&quot;:&quot;yes&quot;,&quot;shape_divider_bottom&quot;:&quot;arrow&quot;,&quot;background_motion_fx_translateY_effect&quot;:&quot;yes&quot;,&quot;motion_fx_motion_fx_scrolling&quot;:&quot;yes&quot;,&quot;background_motion_fx_translateY_speed&quot;:{&quot;unit&quot;:&quot;px&quot;,&quot;size&quot;:4,&quot;sizes&quot;:[]},&quot;background_motion_fx_translateY_affectedRange&quot;:{&quot;unit&quot;:&quot;%&quot;,&quot;size&quot;:&quot;&quot;,&quot;sizes&quot;:{&quot;start&quot;:0,&quot;end&quot;:100}},&quot;background_motion_fx_scale_direction&quot;:&quot;out-in&quot;,&quot;background_motion_fx_scale_speed&quot;:{&quot;unit&quot;:&quot;px&quot;,&quot;size&quot;:4,&quot;sizes&quot;:[]},&quot;background_motion_fx_scale_range&quot;:{&quot;unit&quot;:&quot;%&quot;,&quot;size&quot;:&quot;&quot;,&quot;sizes&quot;:{&quot;start&quot;:20,&quot;end&quot;:80}},&quot;background_motion_fx_devices&quot;:[&quot;desktop&quot;,&quot;tablet&quot;,&quot;mobile&quot;],&quot;motion_fx_devices&quot;:[&quot;desktop&quot;,&quot;tablet&quot;,&quot;mobile&quot;]}\">\n\t\t\t\t\t\t\t<div class=\"elementor-background-overlay\"><\/div>\n\t\t\t\t\t\t<div class=\"elementor-shape elementor-shape-bottom\" aria-hidden=\"true\" data-negative=\"false\">\n\t\t\t<svg xmlns=\"http:\/\/www.w3.org\/2000\/svg\" viewBox=\"0 0 700 10\" preserveAspectRatio=\"none\">\n\t<path class=\"elementor-shape-fill\" d=\"M350,10L340,0h20L350,10z\"\/>\n<\/svg>\t\t<\/div>\n\t\t\t\t\t<div class=\"elementor-container elementor-column-gap-default\">\n\t\t\t\t\t<div class=\"elementor-column elementor-col-100 elementor-top-column elementor-element elementor-element-43109173\" data-id=\"43109173\" data-element_type=\"column\" data-e-type=\"column\">\n\t\t\t<div class=\"elementor-widget-wrap elementor-element-populated\">\n\t\t\t\t\t\t<div class=\"elementor-element elementor-element-ffe9945 elementor-invisible elementor-widget elementor-widget-heading\" data-id=\"ffe9945\" data-element_type=\"widget\" data-e-type=\"widget\" data-settings=\"{&quot;_animation&quot;:&quot;fadeInDown&quot;}\" data-widget_type=\"heading.default\">\n\t\t\t\t<div class=\"elementor-widget-container\">\n\t\t\t\t\t<h1 class=\"elementor-heading-title elementor-size-default\">Massage Relaxant Berb\u00e8re<\/h1>\t\t\t\t<\/div>\n\t\t\t\t<\/div>\n\t\t\t\t\t<\/div>\n\t\t<\/div>\n\t\t\t\t\t<\/div>\n\t\t<\/section>\n\t\t\t\t<section class=\"elementor-section elementor-top-section elementor-element elementor-element-2acdd1a0 elementor-section-boxed elementor-section-height-default elementor-section-height-default\" data-id=\"2acdd1a0\" data-element_type=\"section\" data-e-type=\"section\">\n\t\t\t\t\t\t<div class=\"elementor-container elementor-column-gap-default\">\n\t\t\t\t\t<div class=\"elementor-column elementor-col-33 elementor-top-column elementor-element elementor-element-c041683\" data-id=\"c041683\" data-element_type=\"column\" data-e-type=\"column\">\n\t\t\t<div class=\"elementor-widget-wrap elementor-element-populated\">\n\t\t\t\t\t\t<div class=\"elementor-element elementor-element-24a7fc7f elementor-widget elementor-widget-image\" data-id=\"24a7fc7f\" data-element_type=\"widget\" data-e-type=\"widget\" data-widget_type=\"image.default\">\n\t\t\t\t<div class=\"elementor-widget-container\">\n\t\t\t\t\t\t\t\t\t\t\t\t\t\t\t<img fetchpriority=\"high\" decoding=\"async\" width=\"768\" height=\"512\" src=\"https:\/\/massage-agadir.com\/wp-content\/uploads\/2024\/07\/relaxing-spa-massage-768x512.jpg\" class=\"attachment-medium_large size-medium_large wp-image-45\" alt=\"massage relaxant\" srcset=\"https:\/\/massage-agadir.com\/wp-content\/uploads\/2024\/07\/relaxing-spa-massage-768x512.jpg 768w, https:\/\/massage-agadir.com\/wp-content\/uploads\/2024\/07\/relaxing-spa-massage-300x200.jpg 300w, https:\/\/massage-agadir.com\/wp-content\/uploads\/2024\/07\/relaxing-spa-massage-1024x683.jpg 1024w, https:\/\/massage-agadir.com\/wp-content\/uploads\/2024\/07\/relaxing-spa-massage-1536x1024.jpg 1536w, https:\/\/massage-agadir.com\/wp-content\/uploads\/2024\/07\/relaxing-spa-massage.jpg 1920w\" sizes=\"(max-width: 768px) 100vw, 768px\" \/>\t\t\t\t\t\t\t\t\t\t\t\t\t\t\t<\/div>\n\t\t\t\t<\/div>\n\t\t\t\t\t<\/div>\n\t\t<\/div>\n\t\t\t\t<div class=\"elementor-column elementor-col-33 elementor-top-column elementor-element elementor-element-1707cbca\" data-id=\"1707cbca\" data-element_type=\"column\" data-e-type=\"column\">\n\t\t\t<div class=\"elementor-widget-wrap\">\n\t\t\t\t\t\t\t<\/div>\n\t\t<\/div>\n\t\t\t\t<div class=\"elementor-column elementor-col-33 elementor-top-column elementor-element elementor-element-4d91aa14\" data-id=\"4d91aa14\" data-element_type=\"column\" data-e-type=\"column\">\n\t\t\t<div class=\"elementor-widget-wrap elementor-element-populated\">\n\t\t\t\t\t\t<div class=\"elementor-element elementor-element-357ec272 elementor-widget elementor-widget-heading\" data-id=\"357ec272\" data-element_type=\"widget\" data-e-type=\"widget\" data-widget_type=\"heading.default\">\n\t\t\t\t<div class=\"elementor-widget-container\">\n\t\t\t\t\t<h2 class=\"elementor-heading-title elementor-size-default\">Massage Relaxant a Agadir \n<\/h2>\t\t\t\t<\/div>\n\t\t\t\t<\/div>\n\t\t\t\t<div class=\"elementor-element elementor-element-5cda1119 elementor-widget elementor-widget-text-editor\" data-id=\"5cda1119\" data-element_type=\"widget\" data-e-type=\"widget\" data-widget_type=\"text-editor.default\">\n\t\t\t\t<div class=\"elementor-widget-container\">\n\t\t\t\t\t\t\t\t\t<p>D\u00e9couvrez l&rsquo;essence m\u00eame de la d\u00e9tente avec notre <a href=\"https:\/\/massage-agadir.com\/massage-relaxant-berbere\/\">Massage relaxant Berb\u00e8re<\/a> \u00e0 Agadir. Inspir\u00e9 des traditions ancestrales berb\u00e8res, ce massage unique combine des techniques de relaxation profondes et l&rsquo;utilisation d&rsquo;huiles naturelles pour apaiser votre corps et votre esprit. Au Sensuel Spa, nous vous offrons une exp\u00e9rience authentique et revitalisante qui vous transportera dans un \u00e9tat de s\u00e9r\u00e9nit\u00e9 totale.<\/p><h4>Tarifs pour le Massage relaxant Berb\u00e8re :<\/h4><p><span style=\"color: #ff9900;\"><strong>&#8211; 30 minutes : 250 MAD<\/strong><\/span><br \/><span style=\"color: #ff9900;\"><strong>&#8211; 60 minutes : 450 MAD<\/strong><\/span><br \/><span style=\"color: #ff9900;\"><strong>&#8211; 90 minutes : 650 MAD<\/strong><\/span><\/p><p>Offrez-vous un moment de pure \u00e9vasion et laissez-vous envelopper par la chaleur et les bienfaits des traditions berb\u00e8res. R\u00e9servez votre s\u00e9ance d\u00e8s aujourd&rsquo;hui au Sensuel Spa \u00e0 Agadir.<\/p>\t\t\t\t\t\t\t\t<\/div>\n\t\t\t\t<\/div>\n\t\t\t\t<div class=\"elementor-element elementor-element-1a0d92c4 elementor-widget elementor-widget-button\" data-id=\"1a0d92c4\" data-element_type=\"widget\" data-e-type=\"widget\" data-widget_type=\"button.default\">\n\t\t\t\t<div class=\"elementor-widget-container\">\n\t\t\t\t\t\t\t\t\t<div class=\"elementor-button-wrapper\">\n\t\t\t\t\t<a class=\"elementor-button elementor-button-link elementor-size-sm\" href=\"#\">\n\t\t\t\t\t\t<span class=\"elementor-button-content-wrapper\">\n\t\t\t\t\t\t\t\t\t<span class=\"elementor-button-text\">R\u00e9servez Maintenant<\/span>\n\t\t\t\t\t<\/span>\n\t\t\t\t\t<\/a>\n\t\t\t\t<\/div>\n\t\t\t\t\t\t\t\t<\/div>\n\t\t\t\t<\/div>\n\t\t\t\t<div class=\"elementor-element elementor-element-435a0276 elementor-widget__width-initial elementor-absolute elementor-hidden-tablet elementor-hidden-phone elementor-invisible elementor-widget elementor-widget-spacer\" data-id=\"435a0276\" data-element_type=\"widget\" data-e-type=\"widget\" data-settings=\"{&quot;_position&quot;:&quot;absolute&quot;,&quot;motion_fx_motion_fx_scrolling&quot;:&quot;yes&quot;,&quot;motion_fx_translateY_effect&quot;:&quot;yes&quot;,&quot;motion_fx_translateY_direction&quot;:&quot;negative&quot;,&quot;motion_fx_translateY_speed&quot;:{&quot;unit&quot;:&quot;px&quot;,&quot;size&quot;:2,&quot;sizes&quot;:[]},&quot;motion_fx_translateY_affectedRange&quot;:{&quot;unit&quot;:&quot;%&quot;,&quot;size&quot;:&quot;&quot;,&quot;sizes&quot;:{&quot;start&quot;:0,&quot;end&quot;:67}},&quot;_animation&quot;:&quot;fadeIn&quot;,&quot;motion_fx_devices&quot;:[&quot;desktop&quot;,&quot;tablet&quot;,&quot;mobile&quot;]}\" data-widget_type=\"spacer.default\">\n\t\t\t\t<div class=\"elementor-widget-container\">\n\t\t\t\t\t\t\t<div class=\"elementor-spacer\">\n\t\t\t<div class=\"elementor-spacer-inner\"><\/div>\n\t\t<\/div>\n\t\t\t\t\t\t<\/div>\n\t\t\t\t<\/div>\n\t\t\t\t\t<\/div>\n\t\t<\/div>\n\t\t\t\t\t<\/div>\n\t\t<\/section>\n\t\t\t\t<section class=\"elementor-section elementor-top-section elementor-element elementor-element-13685998 elementor-section-boxed elementor-section-height-default elementor-section-height-default\" data-id=\"13685998\" data-element_type=\"section\" data-e-type=\"section\">\n\t\t\t\t\t\t<div class=\"elementor-container elementor-column-gap-default\">\n\t\t\t\t\t<div class=\"elementor-column elementor-col-50 elementor-top-column elementor-element elementor-element-2cf1408a\" data-id=\"2cf1408a\" data-element_type=\"column\" data-e-type=\"column\">\n\t\t\t<div class=\"elementor-widget-wrap elementor-element-populated\">\n\t\t\t\t\t\t<div class=\"elementor-element elementor-element-52c0d9c8 elementor-widget elementor-widget-heading\" data-id=\"52c0d9c8\" data-element_type=\"widget\" data-e-type=\"widget\" data-widget_type=\"heading.default\">\n\t\t\t\t<div class=\"elementor-widget-container\">\n\t\t\t\t\t<h3 class=\"elementor-heading-title elementor-size-default\">Relaxation Massage<\/h3>\t\t\t\t<\/div>\n\t\t\t\t<\/div>\n\t\t\t\t<div class=\"elementor-element elementor-element-380a5bcb elementor-widget elementor-widget-text-editor\" data-id=\"380a5bcb\" data-element_type=\"widget\" data-e-type=\"widget\" data-widget_type=\"text-editor.default\">\n\t\t\t\t<div class=\"elementor-widget-container\">\n\t\t\t\t\t\t\t\t\t<p>Si vous vous sentez stress\u00e9 par le travail, le temps ou des troubles du sommeil, un massage relaxant pourrait \u00eatre exactement ce dont vous avez besoin. Au <a href=\"https:\/\/massage-agadir.com\/\">Sensuel Spa \u00e0 Agadir<\/a>, notre massage de relaxation est con\u00e7u pour offrir une tranquillit\u00e9 et une paix d&rsquo;esprit totales.<\/p><p>Nos th\u00e9rapeutes experts utilisent des mouvements longs et fluides qui glissent sur votre corps, avec une pression douce qui d\u00e9tend vos muscles sans inconfort. Bien que ce massage ne soit pas destin\u00e9 \u00e0 soulager la douleur ou traiter des conditions sp\u00e9cifiques, il est parfait pour apaiser vos sens.<\/p><p>Accompagn\u00e9 d&rsquo;une musique apaisante et de l&rsquo;utilisation d&rsquo;huiles essentielles, ce massage vous permet de l\u00e2cher prise et de vous immerger dans une relaxation totale. Venez au Sensuel Spa \u00e0 Agadir pour un massage de relaxation et ressentez les bienfaits qui perdureront bien apr\u00e8s votre s\u00e9ance. Vous le m\u00e9ritez.<\/p>\t\t\t\t\t\t\t\t<\/div>\n\t\t\t\t<\/div>\n\t\t\t\t\t<\/div>\n\t\t<\/div>\n\t\t\t\t<div class=\"elementor-column elementor-col-50 elementor-top-column elementor-element elementor-element-7378abb7\" data-id=\"7378abb7\" data-element_type=\"column\" data-e-type=\"column\">\n\t\t\t<div class=\"elementor-widget-wrap elementor-element-populated\">\n\t\t\t\t\t\t<div class=\"elementor-element elementor-element-78af808c elementor-widget elementor-widget-heading\" data-id=\"78af808c\" data-element_type=\"widget\" data-e-type=\"widget\" data-widget_type=\"heading.default\">\n\t\t\t\t<div class=\"elementor-widget-container\">\n\t\t\t\t\t<h4 class=\"elementor-heading-title elementor-size-default\">Les bienfaits du Massage Relaxant\n<\/h4>\t\t\t\t<\/div>\n\t\t\t\t<\/div>\n\t\t\t\t<div class=\"elementor-element elementor-element-e9dec9f elementor-widget elementor-widget-text-editor\" data-id=\"e9dec9f\" data-element_type=\"widget\" data-e-type=\"widget\" data-widget_type=\"text-editor.default\">\n\t\t\t\t<div class=\"elementor-widget-container\">\n\t\t\t\t\t\t\t\t\t<ul><li><p><strong>R\u00e9duction du Stress et de l&rsquo;Anxi\u00e9t\u00e9<\/strong><br \/>Le massage relaxant apaise le corps et l&rsquo;esprit, aidant \u00e0 lib\u00e9rer la tension musculaire et \u00e0 diminuer significativement le stress et l&rsquo;anxi\u00e9t\u00e9.<\/p><\/li><li><p><strong>Am\u00e9lioration de la Circulation Sanguine<\/strong><br \/>En favorisant une meilleure circulation, ce massage permet d&rsquo;oxyg\u00e9ner les tissus et d&rsquo;\u00e9liminer les toxines accumul\u00e9es dans le corps.<\/p><\/li><li><p><strong>Am\u00e9lioration du Sommeil<\/strong><br \/>En r\u00e9\u00e9quilibrant le syst\u00e8me nerveux et en calmant l&rsquo;esprit, le massage relaxant contribue \u00e0 un sommeil plus profond et r\u00e9parateur.<\/p><\/li><li><p><strong>Stimulation des Endorphines<\/strong><br \/>Le massage augmente la production d&rsquo;endorphines, les hormones du bien-\u00eatre, offrant ainsi une sensation de bonheur et de satisfaction durable.<\/p><\/li><\/ul>\t\t\t\t\t\t\t\t<\/div>\n\t\t\t\t<\/div>\n\t\t\t\t\t<\/div>\n\t\t<\/div>\n\t\t\t\t\t<\/div>\n\t\t<\/section>\n\t\t\t\t<section class=\"elementor-section elementor-top-section elementor-element elementor-element-240a847e elementor-section-boxed elementor-section-height-default elementor-section-height-default\" data-id=\"240a847e\" data-element_type=\"section\" data-e-type=\"section\" data-settings=\"{&quot;background_background&quot;:&quot;classic&quot;}\">\n\t\t\t\t\t\t<div class=\"elementor-container elementor-column-gap-default\">\n\t\t\t\t\t<div class=\"elementor-column elementor-col-100 elementor-top-column elementor-element elementor-element-302e8c2e\" data-id=\"302e8c2e\" data-element_type=\"column\" data-e-type=\"column\">\n\t\t\t<div class=\"elementor-widget-wrap elementor-element-populated\">\n\t\t\t\t\t\t<section class=\"elementor-section elementor-inner-section elementor-element elementor-element-62a3da9 elementor-section-boxed elementor-section-height-default elementor-section-height-default\" data-id=\"62a3da9\" data-element_type=\"section\" data-e-type=\"section\">\n\t\t\t\t\t\t<div class=\"elementor-container elementor-column-gap-default\">\n\t\t\t\t\t<div class=\"elementor-column elementor-col-33 elementor-inner-column elementor-element elementor-element-c175614\" data-id=\"c175614\" data-element_type=\"column\" data-e-type=\"column\">\n\t\t\t<div class=\"elementor-widget-wrap elementor-element-populated\">\n\t\t\t\t\t\t<div class=\"elementor-element elementor-element-134b46e elementor-cta--valign-middle elementor-cta--skin-classic elementor-animated-content elementor-widget elementor-widget-call-to-action\" data-id=\"134b46e\" data-element_type=\"widget\" data-e-type=\"widget\" data-widget_type=\"call-to-action.default\">\n\t\t\t\t<div class=\"elementor-widget-container\">\n\t\t\t\t\t\t\t<div class=\"elementor-cta\">\n\t\t\t\t\t<div class=\"elementor-cta__bg-wrapper\">\n\t\t\t\t<div class=\"elementor-cta__bg elementor-bg\" style=\"background-image: url(https:\/\/massage-agadir.com\/wp-content\/uploads\/2024\/07\/Massage-Corps-a-Corps-agadir.webp);\" role=\"img\" aria-label=\"Massage corps a corps agadir\"><\/div>\n\t\t\t\t<div class=\"elementor-cta__bg-overlay\"><\/div>\n\t\t\t<\/div>\n\t\t\t\t\t\t\t<div class=\"elementor-cta__content\">\n\t\t\t\t\n\t\t\t\t\t\t\t\t\t<h2 class=\"elementor-cta__title elementor-cta__content-item elementor-content-item\">\n\t\t\t\t\t\tMassage corps a corps \t\t\t\t\t<\/h2>\n\t\t\t\t\n\t\t\t\t\n\t\t\t\t\t\t\t<\/div>\n\t\t\t\t\t\t<\/div>\n\t\t\t\t\t\t<\/div>\n\t\t\t\t<\/div>\n\t\t\t\t\t<\/div>\n\t\t<\/div>\n\t\t\t\t<div class=\"elementor-column elementor-col-33 elementor-inner-column elementor-element elementor-element-28082e0\" data-id=\"28082e0\" data-element_type=\"column\" data-e-type=\"column\">\n\t\t\t<div class=\"elementor-widget-wrap elementor-element-populated\">\n\t\t\t\t\t\t<div class=\"elementor-element elementor-element-cc42fed elementor-cta--valign-middle elementor-cta--skin-classic elementor-animated-content elementor-widget elementor-widget-call-to-action\" data-id=\"cc42fed\" data-element_type=\"widget\" data-e-type=\"widget\" data-widget_type=\"call-to-action.default\">\n\t\t\t\t<div class=\"elementor-widget-container\">\n\t\t\t\t\t\t\t<div class=\"elementor-cta\">\n\t\t\t\t\t<div class=\"elementor-cta__bg-wrapper\">\n\t\t\t\t<div class=\"elementor-cta__bg elementor-bg\" style=\"background-image: url(https:\/\/massage-agadir.com\/wp-content\/uploads\/2024\/07\/massage-oil-therapy-1024x682.jpg);\" role=\"img\" aria-label=\"MASSAGE AUX HUILES ESSENTIELLES\"><\/div>\n\t\t\t\t<div class=\"elementor-cta__bg-overlay\"><\/div>\n\t\t\t<\/div>\n\t\t\t\t\t\t\t<div class=\"elementor-cta__content\">\n\t\t\t\t\n\t\t\t\t\t\t\t\t\t<h2 class=\"elementor-cta__title elementor-cta__content-item elementor-content-item\">\n\t\t\t\t\t\tMassage Aux Huiles Essentielles\t\t\t\t\t<\/h2>\n\t\t\t\t\n\t\t\t\t\n\t\t\t\t\t\t\t<\/div>\n\t\t\t\t\t\t<\/div>\n\t\t\t\t\t\t<\/div>\n\t\t\t\t<\/div>\n\t\t\t\t\t<\/div>\n\t\t<\/div>\n\t\t\t\t<div class=\"elementor-column elementor-col-33 elementor-inner-column elementor-element elementor-element-c46c796\" data-id=\"c46c796\" data-element_type=\"column\" data-e-type=\"column\">\n\t\t\t<div class=\"elementor-widget-wrap elementor-element-populated\">\n\t\t\t\t\t\t<div class=\"elementor-element elementor-element-5ada673 elementor-cta--valign-middle elementor-cta--skin-classic elementor-animated-content elementor-widget elementor-widget-call-to-action\" data-id=\"5ada673\" data-element_type=\"widget\" data-e-type=\"widget\" data-widget_type=\"call-to-action.default\">\n\t\t\t\t<div class=\"elementor-widget-container\">\n\t\t\t\t\t\t\t<div class=\"elementor-cta\">\n\t\t\t\t\t<div class=\"elementor-cta__bg-wrapper\">\n\t\t\t\t<div class=\"elementor-cta__bg elementor-bg\" style=\"background-image: url(https:\/\/massage-agadir.com\/wp-content\/uploads\/2024\/07\/MASSAGE-AUX-PIERRES-CHAUDES.jpg);\" role=\"img\" aria-label=\"MASSAGE AUX PIERRES CHAUDES\"><\/div>\n\t\t\t\t<div class=\"elementor-cta__bg-overlay\"><\/div>\n\t\t\t<\/div>\n\t\t\t\t\t\t\t<div class=\"elementor-cta__content\">\n\t\t\t\t\n\t\t\t\t\t\t\t\t\t<h2 class=\"elementor-cta__title elementor-cta__content-item elementor-content-item\">\n\t\t\t\t\t\tMassage Aux Pierres Chaudes\t\t\t\t\t<\/h2>\n\t\t\t\t\n\t\t\t\t\n\t\t\t\t\t\t\t<\/div>\n\t\t\t\t\t\t<\/div>\n\t\t\t\t\t\t<\/div>\n\t\t\t\t<\/div>\n\t\t\t\t\t<\/div>\n\t\t<\/div>\n\t\t\t\t\t<\/div>\n\t\t<\/section>\n\t\t\t\t\t<\/div>\n\t\t<\/div>\n\t\t\t\t\t<\/div>\n\t\t<\/section>\n\t\t\t\t<\/div>\n\t\t","protected":false},"excerpt":{"rendered":"<p>Massage Relaxant Berb\u00e8re Massage Relaxant a Agadir D\u00e9couvrez l&rsquo;essence m\u00eame de la d\u00e9tente avec notre Massage relaxant Berb\u00e8re \u00e0 Agadir. Inspir\u00e9 des traditions ancestrales berb\u00e8res, ce massage unique combine des techniques de relaxation profondes et l&rsquo;utilisation d&rsquo;huiles naturelles pour apaiser votre corps et votre esprit. Au Sensuel Spa, nous vous offrons une exp\u00e9rience authentique et [&hellip;]<\/p>\n","protected":false},"author":1,"featured_media":0,"parent":0,"menu_order":0,"comment_status":"closed","ping_status":"closed","template":"","meta":{"_joinchat":[],"footnotes":""},"class_list":["post-151","page","type-page","status-publish","hentry"],"_links":{"self":[{"href":"https:\/\/massage-agadir.com\/en\/wp-json\/wp\/v2\/pages\/151","targetHints":{"allow":["GET"]}}],"collection":[{"href":"https:\/\/massage-agadir.com\/en\/wp-json\/wp\/v2\/pages"}],"about":[{"href":"https:\/\/massage-agadir.com\/en\/wp-json\/wp\/v2\/types\/page"}],"author":[{"embeddable":true,"href":"https:\/\/massage-agadir.com\/en\/wp-json\/wp\/v2\/users\/1"}],"replies":[{"embeddable":true,"href":"https:\/\/massage-agadir.com\/en\/wp-json\/wp\/v2\/comments?post=151"}],"version-history":[{"count":10,"href":"https:\/\/massage-agadir.com\/en\/wp-json\/wp\/v2\/pages\/151\/revisions"}],"predecessor-version":[{"id":197,"href":"https:\/\/massage-agadir.com\/en\/wp-json\/wp\/v2\/pages\/151\/revisions\/197"}],"wp:attachment":[{"href":"https:\/\/massage-agadir.com\/en\/wp-json\/wp\/v2\/media?parent=151"}],"curies":[{"name":"wp","href":"https:\/\/api.w.org\/{rel}","templated":true}]}}